{"id":369,"date":"2021-02-23T14:44:50","date_gmt":"2021-02-23T12:44:50","guid":{"rendered":"https:\/\/vccs.be\/certificatie\/"},"modified":"2021-10-20T09:47:45","modified_gmt":"2021-10-20T07:47:45","slug":"certificatie","status":"publish","type":"page","link":"https:\/\/www.vccs.be\/fr\/certificatie\/","title":{"rendered":"Certification"},"content":{"rendered":"<p>En collaboration avec des instituts de certification agr\u00e9\u00e9s par Belcert, VC-CS a r\u00e9dig\u00e9 un cahier des charges pour l\u2019ex\u00e9cution d\u2019un audit administratif portant sur les exigences l\u00e9gales, tel que d\u00e9fini dans l\u2019AR du 25 janvier 2001.<br \/>\nLa certification l\u00e9gale, conform\u00e9ment \u00e0 la norme EN ISO 17024 relative \u00e0 la certification des personnes, n\u2019est pas encore entr\u00e9e en vigueur en raison de l\u2019absence d\u2019arr\u00eat\u00e9s d\u2019ex\u00e9cution pour ce qui concerne le sch\u00e9ma de certification. \u00c0 ce propos, nous vous renvoyons au site web du SPF ETCS (<a href=\"http:\/\/www.emploi.belgique.be\/defaultTab.aspx?id=18968\">http:\/\/www.emploi.belgique.be\/defaultTab.aspx?id=18968<\/a>).<\/p>\n","protected":false},"excerpt":{"rendered":"<p>En collaboration avec des instituts de certification agr\u00e9\u00e9s par Belcert, VC-CS a r\u00e9dig\u00e9 un&#8230;<\/p>\n","protected":false},"author":1,"featured_media":0,"parent":0,"menu_order":0,"comment_status":"closed","ping_status":"closed","template":"","meta":{"_acf_changed":false,"inline_featured_image":false,"footnotes":""},"class_list":["post-369","page","type-page","status-publish","hentry"],"acf":[],"yoast_head":"<!-- This site is optimized with the Yoast SEO plugin v27.0 - https:\/\/yoast.com\/product\/yoast-seo-wordpress\/ -->\n<title>Certification - VCCS - Slogan<\/title>\n<meta name=\"robots\" content=\"index, follow, max-snippet:-1, max-image-preview:large, max-video-preview:-1\" \/>\n<link rel=\"canonical\" href=\"https:\/\/www.vccs.be\/fr\/certificatie\/\" \/>\n<meta property=\"og:locale\" content=\"fr_FR\" \/>\n<meta property=\"og:type\" content=\"article\" \/>\n<meta property=\"og:title\" content=\"Certification - VCCS - Slogan\" \/>\n<meta property=\"og:description\" content=\"En collaboration avec des instituts de certification agr\u00e9\u00e9s par Belcert, VC-CS a r\u00e9dig\u00e9 un...\" \/>\n<meta property=\"og:url\" content=\"https:\/\/www.vccs.be\/fr\/certificatie\/\" \/>\n<meta property=\"og:site_name\" content=\"VCCS\" \/>\n<meta property=\"article:modified_time\" content=\"2021-10-20T07:47:45+00:00\" \/>\n<meta name=\"twitter:card\" content=\"summary_large_image\" \/>\n<meta name=\"twitter:label1\" content=\"Dur\u00e9e de lecture estim\u00e9e\" \/>\n\t<meta name=\"twitter:data1\" content=\"1 minute\" \/>\n<script type=\"application\/ld+json\" class=\"yoast-schema-graph\">{\"@context\":\"https:\/\/schema.org\",\"@graph\":[{\"@type\":\"WebPage\",\"@id\":\"https:\/\/www.vccs.be\/fr\/certificatie\/\",\"url\":\"https:\/\/www.vccs.be\/fr\/certificatie\/\",\"name\":\"Certification - VCCS - Slogan\",\"isPartOf\":{\"@id\":\"https:\/\/www.vccs.be\/fr\/#website\"},\"datePublished\":\"2021-02-23T12:44:50+00:00\",\"dateModified\":\"2021-10-20T07:47:45+00:00\",\"breadcrumb\":{\"@id\":\"https:\/\/www.vccs.be\/fr\/certificatie\/#breadcrumb\"},\"inLanguage\":\"fr-FR\",\"potentialAction\":[{\"@type\":\"ReadAction\",\"target\":[\"https:\/\/www.vccs.be\/fr\/certificatie\/\"]}]},{\"@type\":\"BreadcrumbList\",\"@id\":\"https:\/\/www.vccs.be\/fr\/certificatie\/#breadcrumb\",\"itemListElement\":[{\"@type\":\"ListItem\",\"position\":1,\"name\":\"Home\",\"item\":\"https:\/\/www.vccs.be\/fr\/\"},{\"@type\":\"ListItem\",\"position\":2,\"name\":\"Certification\"}]},{\"@type\":\"WebSite\",\"@id\":\"https:\/\/www.vccs.be\/fr\/#website\",\"url\":\"https:\/\/www.vccs.be\/fr\/\",\"name\":\"VCCS\",\"description\":\"Slogan\",\"potentialAction\":[{\"@type\":\"SearchAction\",\"target\":{\"@type\":\"EntryPoint\",\"urlTemplate\":\"https:\/\/www.vccs.be\/fr\/?s={search_term_string}\"},\"query-input\":{\"@type\":\"PropertyValueSpecification\",\"valueRequired\":true,\"valueName\":\"search_term_string\"}}],\"inLanguage\":\"fr-FR\"}]}<\/script>\n<!-- \/ Yoast SEO plugin. -->","yoast_head_json":{"title":"Certification - VCCS - Slogan","robots":{"index":"index","follow":"follow","max-snippet":"max-snippet:-1","max-image-preview":"max-image-preview:large","max-video-preview":"max-video-preview:-1"},"canonical":"https:\/\/www.vccs.be\/fr\/certificatie\/","og_locale":"fr_FR","og_type":"article","og_title":"Certification - VCCS - Slogan","og_description":"En collaboration avec des instituts de certification agr\u00e9\u00e9s par Belcert, VC-CS a r\u00e9dig\u00e9 un...","og_url":"https:\/\/www.vccs.be\/fr\/certificatie\/","og_site_name":"VCCS","article_modified_time":"2021-10-20T07:47:45+00:00","twitter_card":"summary_large_image","twitter_misc":{"Dur\u00e9e de lecture estim\u00e9e":"1 minute"},"schema":{"@context":"https:\/\/schema.org","@graph":[{"@type":"WebPage","@id":"https:\/\/www.vccs.be\/fr\/certificatie\/","url":"https:\/\/www.vccs.be\/fr\/certificatie\/","name":"Certification - VCCS - Slogan","isPartOf":{"@id":"https:\/\/www.vccs.be\/fr\/#website"},"datePublished":"2021-02-23T12:44:50+00:00","dateModified":"2021-10-20T07:47:45+00:00","breadcrumb":{"@id":"https:\/\/www.vccs.be\/fr\/certificatie\/#breadcrumb"},"inLanguage":"fr-FR","potentialAction":[{"@type":"ReadAction","target":["https:\/\/www.vccs.be\/fr\/certificatie\/"]}]},{"@type":"BreadcrumbList","@id":"https:\/\/www.vccs.be\/fr\/certificatie\/#breadcrumb","itemListElement":[{"@type":"ListItem","position":1,"name":"Home","item":"https:\/\/www.vccs.be\/fr\/"},{"@type":"ListItem","position":2,"name":"Certification"}]},{"@type":"WebSite","@id":"https:\/\/www.vccs.be\/fr\/#website","url":"https:\/\/www.vccs.be\/fr\/","name":"VCCS","description":"Slogan","potentialAction":[{"@type":"SearchAction","target":{"@type":"EntryPoint","urlTemplate":"https:\/\/www.vccs.be\/fr\/?s={search_term_string}"},"query-input":{"@type":"PropertyValueSpecification","valueRequired":true,"valueName":"search_term_string"}}],"inLanguage":"fr-FR"}]}},"_links":{"self":[{"href":"https:\/\/www.vccs.be\/fr\/wp-json\/wp\/v2\/pages\/369","targetHints":{"allow":["GET"]}}],"collection":[{"href":"https:\/\/www.vccs.be\/fr\/wp-json\/wp\/v2\/pages"}],"about":[{"href":"https:\/\/www.vccs.be\/fr\/wp-json\/wp\/v2\/types\/page"}],"author":[{"embeddable":true,"href":"https:\/\/www.vccs.be\/fr\/wp-json\/wp\/v2\/users\/1"}],"replies":[{"embeddable":true,"href":"https:\/\/www.vccs.be\/fr\/wp-json\/wp\/v2\/comments?post=369"}],"version-history":[{"count":0,"href":"https:\/\/www.vccs.be\/fr\/wp-json\/wp\/v2\/pages\/369\/revisions"}],"wp:attachment":[{"href":"https:\/\/www.vccs.be\/fr\/wp-json\/wp\/v2\/media?parent=369"}],"curies":[{"name":"wp","href":"https:\/\/api.w.org\/{rel}","templated":true}]}}