{"id":846,"date":"2021-03-19T14:39:23","date_gmt":"2021-03-19T12:39:23","guid":{"rendered":"https:\/\/vccs.be\/?page_id=846"},"modified":"2021-03-19T14:39:23","modified_gmt":"2021-03-19T12:39:23","slug":"code-de-bonne-pratique","status":"publish","type":"page","link":"https:\/\/www.vccs.be\/fr\/a-propos-de-vccs\/code-de-bonne-pratique\/","title":{"rendered":"Code de bonne pratique"},"content":{"rendered":"<h2>VC-CS attend de ses membres le respect du code de bonne pratique suivant.<\/h2>\n<p>Le pr\u00e9sent code est en concordance avec les statuts de VC-CS et vise \u00e0 assurer aux coordinateurs de s\u00e9curit\u00e9 et sant\u00e9 (ci-apr\u00e8s \u00ab CSS \u00bb) une conduite professionnelle du plus haut niveau.<\/p>\n<h3>Qualifications<\/h3>\n<p>Le CSS n\u2019accepte que les missions pour lesquelles il poss\u00e8de les connaissances, les comp\u00e9tences et les moyens n\u00e9cessaires.<br \/>\nLe CSS effectue ses missions avec tout le soin et la diligence n\u00e9cessaires. Il tient compte de la l\u00e9gislation, des am\u00e9liorations probantes et des d\u00e9veloppements techniques dans son domaine de comp\u00e9tence et les met en pratique dans ses prestations de services.<\/p>\n<h3>Conditions d&#8217;exercice<\/h3>\n<p>Le CSS accepte d\u2019\u00eatre s\u00e9lectionn\u00e9 en fonction de ses comp\u00e9tences.<br \/>\nLe CSS offre aux commanditaires des services de conseil qui ont trait \u00e0 ses activit\u00e9s de coordination de s\u00e9curit\u00e9 et de sant\u00e9 sur les chantiers temporaires ou mobiles.<br \/>\nLe CSS exerce sa mission en pleine ind\u00e9pendance technique, intellectuelle et morale, quel que soit le statut social sous lequel il exerce sa mission, qu\u2019il s\u2019agisse d\u2019un engagement dans les liens d\u2019un contrat de prestation de services ou d\u2019un emploi priv\u00e9 ou public.<br \/>\nLe contrat entre le commanditaire et le CSS d\u00e9finit les t\u00e2ches, les conditions ainsi que la r\u00e9mun\u00e9ration de mani\u00e8re claire, pr\u00e9cise et compl\u00e8te. Ils conviennent ensemble d\u2019une r\u00e9mun\u00e9ration adapt\u00e9e \u00e0 l\u2019importance des services et des capacit\u00e9s n\u00e9cessaires.<\/p>\n<h3>Obligations g\u00e9n\u00e9rales<\/h3>\n<p>Le CSS s\u2019engage \u00e0 respecter et \u00e0 appliquer correctement les lois, r\u00e9glementations, r\u00e8gles techniques, normes agr\u00e9\u00e9es propres \u00e0 son domaine d\u2019activit\u00e9 et \u00e0 la mission dont il est investi.<br \/>\nLa mission du CSS est l\u2019int\u00e9r\u00eat social.<br \/>\nLe CSS s\u2019engage \u00e0 ne pas nuire \u00e0 la dignit\u00e9 de la personne et de la profession de ses coll\u00e8gues ainsi que de toutes les autres parties avec lesquelles il travaille.<br \/>\nLe CSS veille \u00e0 mener sa mission dans les limites de ses pr\u00e9rogatives et se gardera de s\u2019immiscer dans les pr\u00e9rogatives attribu\u00e9es aux autres intervenants. Il \u00e9vitera d\u2019assumer une mission qui empi\u00e8te sur celles qui appartiennent de droit \u00e0 un autre intervenant ; Il veillera \u00e9galement \u00e0 ce que les autres intervenants ne lui attribuent pas une part de leurs responsabilit\u00e9s respectives.<\/p>\n<h3>Obligations envers la profession<\/h3>\n<p>Le CSS respecte la dignit\u00e9 et la r\u00e9putation de sa profession.<br \/>\nLe CSS s\u2019interdit de nuire, directement ou indirectement, \u00e0 la r\u00e9putation professionnelle ou \u00e0 la client\u00e8le d\u2019un autre CSS. N\u00e9anmoins, \u00e0 la demande du commanditaire, il peut exprimer un avis ou une expertise technique objective dans un rapport command\u00e9 ou devant un tribunal.<br \/>\nLe CSS s\u2019abstient de tenter directement ou indirectement de supplanter un coll\u00e8gue. Il ne peut sciemment intervenir dans le travail d\u2019un autre CSS ou le remplacer sans le consentement \u00e9crit de celui-ci.<\/p>\n","protected":false},"excerpt":{"rendered":"<p>VC-CS attend de ses membres le respect du code de bonne pratique suivant. Le&#8230;<\/p>\n","protected":false},"author":1,"featured_media":0,"parent":426,"menu_order":0,"comment_status":"closed","ping_status":"closed","template":"","meta":{"_acf_changed":false,"inline_featured_image":false,"footnotes":""},"class_list":["post-846","page","type-page","status-publish","hentry"],"acf":[],"yoast_head":"<!-- This site is optimized with the Yoast SEO plugin v27.0 - https:\/\/yoast.com\/product\/yoast-seo-wordpress\/ -->\n<title>Code de bonne pratique - VCCS - Slogan<\/title>\n<meta name=\"robots\" content=\"index, follow, max-snippet:-1, max-image-preview:large, max-video-preview:-1\" \/>\n<link rel=\"canonical\" href=\"https:\/\/www.vccs.be\/fr\/a-propos-de-vccs\/code-de-bonne-pratique\/\" \/>\n<meta property=\"og:locale\" content=\"fr_FR\" \/>\n<meta property=\"og:type\" content=\"article\" \/>\n<meta property=\"og:title\" content=\"Code de bonne pratique - VCCS - Slogan\" \/>\n<meta property=\"og:description\" content=\"VC-CS attend de ses membres le respect du code de bonne pratique suivant. Le...\" \/>\n<meta property=\"og:url\" content=\"https:\/\/www.vccs.be\/fr\/a-propos-de-vccs\/code-de-bonne-pratique\/\" \/>\n<meta property=\"og:site_name\" content=\"VCCS\" \/>\n<meta name=\"twitter:card\" content=\"summary_large_image\" \/>\n<meta name=\"twitter:label1\" content=\"Dur\u00e9e de lecture estim\u00e9e\" \/>\n\t<meta name=\"twitter:data1\" content=\"2 minutes\" \/>\n<script type=\"application\/ld+json\" class=\"yoast-schema-graph\">{\"@context\":\"https:\/\/schema.org\",\"@graph\":[{\"@type\":\"WebPage\",\"@id\":\"https:\/\/www.vccs.be\/fr\/a-propos-de-vccs\/code-de-bonne-pratique\/\",\"url\":\"https:\/\/www.vccs.be\/fr\/a-propos-de-vccs\/code-de-bonne-pratique\/\",\"name\":\"Code de bonne pratique - VCCS - Slogan\",\"isPartOf\":{\"@id\":\"https:\/\/www.vccs.be\/fr\/#website\"},\"datePublished\":\"2021-03-19T12:39:23+00:00\",\"breadcrumb\":{\"@id\":\"https:\/\/www.vccs.be\/fr\/a-propos-de-vccs\/code-de-bonne-pratique\/#breadcrumb\"},\"inLanguage\":\"fr-FR\",\"potentialAction\":[{\"@type\":\"ReadAction\",\"target\":[\"https:\/\/www.vccs.be\/fr\/a-propos-de-vccs\/code-de-bonne-pratique\/\"]}]},{\"@type\":\"BreadcrumbList\",\"@id\":\"https:\/\/www.vccs.be\/fr\/a-propos-de-vccs\/code-de-bonne-pratique\/#breadcrumb\",\"itemListElement\":[{\"@type\":\"ListItem\",\"position\":1,\"name\":\"Home\",\"item\":\"https:\/\/www.vccs.be\/fr\/\"},{\"@type\":\"ListItem\",\"position\":2,\"name\":\"\u00c0 propos de VCCS\",\"item\":\"https:\/\/www.vccs.be\/fr\/a-propos-de-vccs\/\"},{\"@type\":\"ListItem\",\"position\":3,\"name\":\"Code de bonne pratique\"}]},{\"@type\":\"WebSite\",\"@id\":\"https:\/\/www.vccs.be\/fr\/#website\",\"url\":\"https:\/\/www.vccs.be\/fr\/\",\"name\":\"VCCS\",\"description\":\"Slogan\",\"potentialAction\":[{\"@type\":\"SearchAction\",\"target\":{\"@type\":\"EntryPoint\",\"urlTemplate\":\"https:\/\/www.vccs.be\/fr\/?s={search_term_string}\"},\"query-input\":{\"@type\":\"PropertyValueSpecification\",\"valueRequired\":true,\"valueName\":\"search_term_string\"}}],\"inLanguage\":\"fr-FR\"}]}<\/script>\n<!-- \/ Yoast SEO plugin. -->","yoast_head_json":{"title":"Code de bonne pratique - VCCS - Slogan","robots":{"index":"index","follow":"follow","max-snippet":"max-snippet:-1","max-image-preview":"max-image-preview:large","max-video-preview":"max-video-preview:-1"},"canonical":"https:\/\/www.vccs.be\/fr\/a-propos-de-vccs\/code-de-bonne-pratique\/","og_locale":"fr_FR","og_type":"article","og_title":"Code de bonne pratique - VCCS - Slogan","og_description":"VC-CS attend de ses membres le respect du code de bonne pratique suivant. Le...","og_url":"https:\/\/www.vccs.be\/fr\/a-propos-de-vccs\/code-de-bonne-pratique\/","og_site_name":"VCCS","twitter_card":"summary_large_image","twitter_misc":{"Dur\u00e9e de lecture estim\u00e9e":"2 minutes"},"schema":{"@context":"https:\/\/schema.org","@graph":[{"@type":"WebPage","@id":"https:\/\/www.vccs.be\/fr\/a-propos-de-vccs\/code-de-bonne-pratique\/","url":"https:\/\/www.vccs.be\/fr\/a-propos-de-vccs\/code-de-bonne-pratique\/","name":"Code de bonne pratique - VCCS - Slogan","isPartOf":{"@id":"https:\/\/www.vccs.be\/fr\/#website"},"datePublished":"2021-03-19T12:39:23+00:00","breadcrumb":{"@id":"https:\/\/www.vccs.be\/fr\/a-propos-de-vccs\/code-de-bonne-pratique\/#breadcrumb"},"inLanguage":"fr-FR","potentialAction":[{"@type":"ReadAction","target":["https:\/\/www.vccs.be\/fr\/a-propos-de-vccs\/code-de-bonne-pratique\/"]}]},{"@type":"BreadcrumbList","@id":"https:\/\/www.vccs.be\/fr\/a-propos-de-vccs\/code-de-bonne-pratique\/#breadcrumb","itemListElement":[{"@type":"ListItem","position":1,"name":"Home","item":"https:\/\/www.vccs.be\/fr\/"},{"@type":"ListItem","position":2,"name":"\u00c0 propos de VCCS","item":"https:\/\/www.vccs.be\/fr\/a-propos-de-vccs\/"},{"@type":"ListItem","position":3,"name":"Code de bonne pratique"}]},{"@type":"WebSite","@id":"https:\/\/www.vccs.be\/fr\/#website","url":"https:\/\/www.vccs.be\/fr\/","name":"VCCS","description":"Slogan","potentialAction":[{"@type":"SearchAction","target":{"@type":"EntryPoint","urlTemplate":"https:\/\/www.vccs.be\/fr\/?s={search_term_string}"},"query-input":{"@type":"PropertyValueSpecification","valueRequired":true,"valueName":"search_term_string"}}],"inLanguage":"fr-FR"}]}},"_links":{"self":[{"href":"https:\/\/www.vccs.be\/fr\/wp-json\/wp\/v2\/pages\/846","targetHints":{"allow":["GET"]}}],"collection":[{"href":"https:\/\/www.vccs.be\/fr\/wp-json\/wp\/v2\/pages"}],"about":[{"href":"https:\/\/www.vccs.be\/fr\/wp-json\/wp\/v2\/types\/page"}],"author":[{"embeddable":true,"href":"https:\/\/www.vccs.be\/fr\/wp-json\/wp\/v2\/users\/1"}],"replies":[{"embeddable":true,"href":"https:\/\/www.vccs.be\/fr\/wp-json\/wp\/v2\/comments?post=846"}],"version-history":[{"count":0,"href":"https:\/\/www.vccs.be\/fr\/wp-json\/wp\/v2\/pages\/846\/revisions"}],"up":[{"embeddable":true,"href":"https:\/\/www.vccs.be\/fr\/wp-json\/wp\/v2\/pages\/426"}],"wp:attachment":[{"href":"https:\/\/www.vccs.be\/fr\/wp-json\/wp\/v2\/media?parent=846"}],"curies":[{"name":"wp","href":"https:\/\/api.w.org\/{rel}","templated":true}]}}