{"id":851,"date":"2021-03-19T14:41:54","date_gmt":"2021-03-19T12:41:54","guid":{"rendered":"https:\/\/vccs.be\/?page_id=851"},"modified":"2021-03-24T12:02:44","modified_gmt":"2021-03-24T10:02:44","slug":"les-avantages-en-tant-que-membre","status":"publish","type":"page","link":"https:\/\/www.vccs.be\/fr\/a-propos-de-vccs\/les-avantages-en-tant-que-membre\/","title":{"rendered":"Les avantages en tant que membre"},"content":{"rendered":"<p>Devenir membre de VC-CS vous offre en tant que coordinateur bon nombre d\u2019avantages. Nous \u00e9num\u00e9rons les principaux avantages ci-dessous:<\/p>\n<p>Vous \u00eates inform\u00e9 des d\u00e9veloppements r\u00e9cents en termes de l\u00e9gislation et de la r\u00e9alisation concr\u00e8te des t\u00e2ches li\u00e9es au m\u00e9tier de coordinateur de s\u00e9curit\u00e9 et de sant\u00e9. VC-CS vous garantit des informations actualis\u00e9es, gr\u00e2ce aux nombreux contacts avec les autorit\u00e9s concern\u00e9es et les autres intervenants du secteur de la construction.<\/p>\n<p>VC-CS diffusera de mani\u00e8re utile et \u00e0 une \u00e9chelle aussi large que possible une liste des membres (moyennant leur accord). \u00c0 cet effet, VC-CS s\u2019appuie sur la d\u00e9claration des membres (conformit\u00e9 aux exigences du statut de coordinateur) et sur le\u00a0<a href=\"https:\/\/www.wordpress-541027-2419289.cloudwaysapps.com\/fr\/content\/code-de-bonne-pratique\">Code interne de bonnes pratiques<\/a><\/p>\n<p>Votre participation active \u00e9ventuelle au sein de l\u2019association vous donne acc\u00e8s \u00e0 un ou plusieurs\u00a0groupes de travail\u00a0et peut orienter l\u2019\u00e9volution ult\u00e9rieure de votre profession.<\/p>\n<p>VC-CS m\u00e8ne des recherches actives en vue de trouver des solutions collectives en termes d\u2019assurance, de responsabilit\u00e9 professionnelle des coordinateurs, de formulation des responsabilit\u00e9s pour les cahiers des charges\u2026<\/p>\n<p>VC-CS \u0153uvre en vue d\u2019obtenir des tarifs pr\u00e9f\u00e9rentiels aupr\u00e8s de diverses organisations, \u00e0 l\u2019occasion de manifestations et aupr\u00e8s de certains \u00e9diteurs.<\/p>\n<p>Votre affiliation \u00e0 VC-CS contribuera incontestablement au d\u00e9ploiement de vos activit\u00e9s en tant que coordinateur de s\u00e9curit\u00e9. Le montant de la cotisation de membre est certainement un investissement qui vaut la peine. Et chaque voix qui se rallie \u00e0 notre cause, contribue \u00e0 l\u2019\u00e9largissement de la port\u00e9e de notre association.<\/p>\n<p>Vous pouvez devenir membre en remplissant le\u00a0formulaire de demande d\u2019inscription\u00a0et en nous le renvoyant. Apr\u00e8s d\u00e9lib\u00e9ration, vous serez inform\u00e9 de votre acceptation en qualit\u00e9 de membre. Ce n\u2019est qu\u2019ensuite que nous vous demanderons de verser le montant de votre cotisation.<\/p>\n","protected":false},"excerpt":{"rendered":"<p>Devenir membre de VC-CS vous offre en tant que coordinateur bon nombre d\u2019avantages. Nous&#8230;<\/p>\n","protected":false},"author":1,"featured_media":0,"parent":426,"menu_order":0,"comment_status":"closed","ping_status":"closed","template":"","meta":{"_acf_changed":false,"inline_featured_image":false,"footnotes":""},"class_list":["post-851","page","type-page","status-publish","hentry"],"acf":[],"yoast_head":"<!-- This site is optimized with the Yoast SEO plugin v27.0 - https:\/\/yoast.com\/product\/yoast-seo-wordpress\/ -->\n<title>Les avantages en tant que membre - VCCS - Slogan<\/title>\n<meta name=\"robots\" content=\"index, follow, max-snippet:-1, max-image-preview:large, max-video-preview:-1\" \/>\n<link rel=\"canonical\" href=\"https:\/\/www.vccs.be\/fr\/a-propos-de-vccs\/les-avantages-en-tant-que-membre\/\" \/>\n<meta property=\"og:locale\" content=\"fr_FR\" \/>\n<meta property=\"og:type\" content=\"article\" \/>\n<meta property=\"og:title\" content=\"Les avantages en tant que membre - VCCS - Slogan\" \/>\n<meta property=\"og:description\" content=\"Devenir membre de VC-CS vous offre en tant que coordinateur bon nombre d\u2019avantages. Nous...\" \/>\n<meta property=\"og:url\" content=\"https:\/\/www.vccs.be\/fr\/a-propos-de-vccs\/les-avantages-en-tant-que-membre\/\" \/>\n<meta property=\"og:site_name\" content=\"VCCS\" \/>\n<meta property=\"article:modified_time\" content=\"2021-03-24T10:02:44+00:00\" \/>\n<meta name=\"twitter:card\" content=\"summary_large_image\" \/>\n<meta name=\"twitter:label1\" content=\"Dur\u00e9e de lecture estim\u00e9e\" \/>\n\t<meta name=\"twitter:data1\" content=\"2 minutes\" \/>\n<script type=\"application\/ld+json\" class=\"yoast-schema-graph\">{\"@context\":\"https:\/\/schema.org\",\"@graph\":[{\"@type\":\"WebPage\",\"@id\":\"https:\/\/www.vccs.be\/fr\/a-propos-de-vccs\/les-avantages-en-tant-que-membre\/\",\"url\":\"https:\/\/www.vccs.be\/fr\/a-propos-de-vccs\/les-avantages-en-tant-que-membre\/\",\"name\":\"Les avantages en tant que membre - VCCS - Slogan\",\"isPartOf\":{\"@id\":\"https:\/\/www.vccs.be\/fr\/#website\"},\"datePublished\":\"2021-03-19T12:41:54+00:00\",\"dateModified\":\"2021-03-24T10:02:44+00:00\",\"breadcrumb\":{\"@id\":\"https:\/\/www.vccs.be\/fr\/a-propos-de-vccs\/les-avantages-en-tant-que-membre\/#breadcrumb\"},\"inLanguage\":\"fr-FR\",\"potentialAction\":[{\"@type\":\"ReadAction\",\"target\":[\"https:\/\/www.vccs.be\/fr\/a-propos-de-vccs\/les-avantages-en-tant-que-membre\/\"]}]},{\"@type\":\"BreadcrumbList\",\"@id\":\"https:\/\/www.vccs.be\/fr\/a-propos-de-vccs\/les-avantages-en-tant-que-membre\/#breadcrumb\",\"itemListElement\":[{\"@type\":\"ListItem\",\"position\":1,\"name\":\"Home\",\"item\":\"https:\/\/www.vccs.be\/fr\/\"},{\"@type\":\"ListItem\",\"position\":2,\"name\":\"\u00c0 propos de VCCS\",\"item\":\"https:\/\/www.vccs.be\/fr\/a-propos-de-vccs\/\"},{\"@type\":\"ListItem\",\"position\":3,\"name\":\"Les avantages en tant que membre\"}]},{\"@type\":\"WebSite\",\"@id\":\"https:\/\/www.vccs.be\/fr\/#website\",\"url\":\"https:\/\/www.vccs.be\/fr\/\",\"name\":\"VCCS\",\"description\":\"Slogan\",\"potentialAction\":[{\"@type\":\"SearchAction\",\"target\":{\"@type\":\"EntryPoint\",\"urlTemplate\":\"https:\/\/www.vccs.be\/fr\/?s={search_term_string}\"},\"query-input\":{\"@type\":\"PropertyValueSpecification\",\"valueRequired\":true,\"valueName\":\"search_term_string\"}}],\"inLanguage\":\"fr-FR\"}]}<\/script>\n<!-- \/ Yoast SEO plugin. -->","yoast_head_json":{"title":"Les avantages en tant que membre - VCCS - Slogan","robots":{"index":"index","follow":"follow","max-snippet":"max-snippet:-1","max-image-preview":"max-image-preview:large","max-video-preview":"max-video-preview:-1"},"canonical":"https:\/\/www.vccs.be\/fr\/a-propos-de-vccs\/les-avantages-en-tant-que-membre\/","og_locale":"fr_FR","og_type":"article","og_title":"Les avantages en tant que membre - VCCS - Slogan","og_description":"Devenir membre de VC-CS vous offre en tant que coordinateur bon nombre d\u2019avantages. Nous...","og_url":"https:\/\/www.vccs.be\/fr\/a-propos-de-vccs\/les-avantages-en-tant-que-membre\/","og_site_name":"VCCS","article_modified_time":"2021-03-24T10:02:44+00:00","twitter_card":"summary_large_image","twitter_misc":{"Dur\u00e9e de lecture estim\u00e9e":"2 minutes"},"schema":{"@context":"https:\/\/schema.org","@graph":[{"@type":"WebPage","@id":"https:\/\/www.vccs.be\/fr\/a-propos-de-vccs\/les-avantages-en-tant-que-membre\/","url":"https:\/\/www.vccs.be\/fr\/a-propos-de-vccs\/les-avantages-en-tant-que-membre\/","name":"Les avantages en tant que membre - VCCS - Slogan","isPartOf":{"@id":"https:\/\/www.vccs.be\/fr\/#website"},"datePublished":"2021-03-19T12:41:54+00:00","dateModified":"2021-03-24T10:02:44+00:00","breadcrumb":{"@id":"https:\/\/www.vccs.be\/fr\/a-propos-de-vccs\/les-avantages-en-tant-que-membre\/#breadcrumb"},"inLanguage":"fr-FR","potentialAction":[{"@type":"ReadAction","target":["https:\/\/www.vccs.be\/fr\/a-propos-de-vccs\/les-avantages-en-tant-que-membre\/"]}]},{"@type":"BreadcrumbList","@id":"https:\/\/www.vccs.be\/fr\/a-propos-de-vccs\/les-avantages-en-tant-que-membre\/#breadcrumb","itemListElement":[{"@type":"ListItem","position":1,"name":"Home","item":"https:\/\/www.vccs.be\/fr\/"},{"@type":"ListItem","position":2,"name":"\u00c0 propos de VCCS","item":"https:\/\/www.vccs.be\/fr\/a-propos-de-vccs\/"},{"@type":"ListItem","position":3,"name":"Les avantages en tant que membre"}]},{"@type":"WebSite","@id":"https:\/\/www.vccs.be\/fr\/#website","url":"https:\/\/www.vccs.be\/fr\/","name":"VCCS","description":"Slogan","potentialAction":[{"@type":"SearchAction","target":{"@type":"EntryPoint","urlTemplate":"https:\/\/www.vccs.be\/fr\/?s={search_term_string}"},"query-input":{"@type":"PropertyValueSpecification","valueRequired":true,"valueName":"search_term_string"}}],"inLanguage":"fr-FR"}]}},"_links":{"self":[{"href":"https:\/\/www.vccs.be\/fr\/wp-json\/wp\/v2\/pages\/851","targetHints":{"allow":["GET"]}}],"collection":[{"href":"https:\/\/www.vccs.be\/fr\/wp-json\/wp\/v2\/pages"}],"about":[{"href":"https:\/\/www.vccs.be\/fr\/wp-json\/wp\/v2\/types\/page"}],"author":[{"embeddable":true,"href":"https:\/\/www.vccs.be\/fr\/wp-json\/wp\/v2\/users\/1"}],"replies":[{"embeddable":true,"href":"https:\/\/www.vccs.be\/fr\/wp-json\/wp\/v2\/comments?post=851"}],"version-history":[{"count":0,"href":"https:\/\/www.vccs.be\/fr\/wp-json\/wp\/v2\/pages\/851\/revisions"}],"up":[{"embeddable":true,"href":"https:\/\/www.vccs.be\/fr\/wp-json\/wp\/v2\/pages\/426"}],"wp:attachment":[{"href":"https:\/\/www.vccs.be\/fr\/wp-json\/wp\/v2\/media?parent=851"}],"curies":[{"name":"wp","href":"https:\/\/api.w.org\/{rel}","templated":true}]}}