{"id":856,"date":"2021-03-19T14:44:28","date_gmt":"2021-03-19T12:44:28","guid":{"rendered":"https:\/\/vccs.be\/?page_id=856"},"modified":"2023-10-02T15:56:05","modified_gmt":"2023-10-02T13:56:05","slug":"les-fonctions-les-mandats-et-les-groupes-de-travail","status":"publish","type":"page","link":"https:\/\/www.vccs.be\/fr\/a-propos-de-vccs\/les-fonctions-les-mandats-et-les-groupes-de-travail\/","title":{"rendered":"Les fonctions, les mandats et les groupes de travail"},"content":{"rendered":"<h3>Les fonctions:<\/h3>\n<ul>\n<li>Pr\u00e9sident: Jean-Pierre Van Lier<\/li>\n<li>Vice-pr\u00e9sident: Eric Paquay<\/li>\n<li>Tr\u00e9sorier: Gauthier Callens<\/li>\n<li>Secr\u00e9taire: Joeri Vanrusselt<\/li>\n<\/ul>\n<h3>Les mandats:<\/h3>\n<ul>\n<li>ISHCCO: Jean-Pierre Van Lier, Giedo Van pellicom (rempla\u00e7ant).<\/li>\n<li>Conseil Sup\u00e9rieur pour la Pr\u00e9vention et la Protection au Travail: Giedo Van pellicom et Jean-Pierre Van Lier (rempla\u00e7ant)<\/li>\n<li>Plateforme classe moyenne NL &#8211; Unizo: Jean-Pierre Van Lier<\/li>\n<li>Plateforme classe moyenne FR \u2013 UCM: Eric Paquay<\/li>\n<li>Plateforme de concertation CONSTRUCTIV: Eric Paquay<\/li>\n<li>Campagne OSHA, NAV: Jean-Pierre Van Lier<\/li>\n<li>Administration du site Web: Joeri Vanrusselt<\/li>\n<li>E-zines \/ bulletins d&#8217;information: Gauthier Callens<\/li>\n<li>Assurances: Jean-Pierre Van Lier<\/li>\n<\/ul>\n<h3>Composition des groupes de travail:<\/h3>\n<ul>\n<li>Formation NL: Joeri Vanrusselt<\/li>\n<li>Formation FR: Eric Paquay<\/li>\n<li>Institut professionnel:\u00a0Jean-Pierre Van Lier<\/li>\n<li>Documents types: Gauthier Callens et Eric Paquay<\/li>\n<\/ul>\n","protected":false},"excerpt":{"rendered":"<p>Les fonctions: Pr\u00e9sident: Jean-Pierre Van Lier Vice-pr\u00e9sident: Eric Paquay Tr\u00e9sorier: Gauthier Callens Secr\u00e9taire: Joeri&#8230;<\/p>\n","protected":false},"author":1,"featured_media":0,"parent":426,"menu_order":0,"comment_status":"closed","ping_status":"closed","template":"","meta":{"_acf_changed":false,"inline_featured_image":false,"footnotes":""},"class_list":["post-856","page","type-page","status-publish","hentry"],"acf":[],"yoast_head":"<!-- This site is optimized with the Yoast SEO plugin v27.0 - https:\/\/yoast.com\/product\/yoast-seo-wordpress\/ -->\n<title>Les fonctions, les mandats et les groupes de travail - VCCS - Slogan<\/title>\n<meta name=\"robots\" content=\"index, follow, max-snippet:-1, max-image-preview:large, max-video-preview:-1\" \/>\n<link rel=\"canonical\" href=\"https:\/\/www.vccs.be\/fr\/a-propos-de-vccs\/les-fonctions-les-mandats-et-les-groupes-de-travail\/\" \/>\n<meta property=\"og:locale\" content=\"fr_FR\" \/>\n<meta property=\"og:type\" content=\"article\" \/>\n<meta property=\"og:title\" content=\"Les fonctions, les mandats et les groupes de travail - VCCS - Slogan\" \/>\n<meta property=\"og:description\" content=\"Les fonctions: Pr\u00e9sident: Jean-Pierre Van Lier Vice-pr\u00e9sident: Eric Paquay Tr\u00e9sorier: Gauthier Callens Secr\u00e9taire: Joeri...\" \/>\n<meta property=\"og:url\" content=\"https:\/\/www.vccs.be\/fr\/a-propos-de-vccs\/les-fonctions-les-mandats-et-les-groupes-de-travail\/\" \/>\n<meta property=\"og:site_name\" content=\"VCCS\" \/>\n<meta property=\"article:modified_time\" content=\"2023-10-02T13:56:05+00:00\" \/>\n<meta name=\"twitter:card\" content=\"summary_large_image\" \/>\n<meta name=\"twitter:label1\" content=\"Dur\u00e9e de lecture estim\u00e9e\" \/>\n\t<meta name=\"twitter:data1\" content=\"1 minute\" \/>\n<script type=\"application\/ld+json\" class=\"yoast-schema-graph\">{\"@context\":\"https:\/\/schema.org\",\"@graph\":[{\"@type\":\"WebPage\",\"@id\":\"https:\/\/www.vccs.be\/fr\/a-propos-de-vccs\/les-fonctions-les-mandats-et-les-groupes-de-travail\/\",\"url\":\"https:\/\/www.vccs.be\/fr\/a-propos-de-vccs\/les-fonctions-les-mandats-et-les-groupes-de-travail\/\",\"name\":\"Les fonctions, les mandats et les groupes de travail - VCCS - Slogan\",\"isPartOf\":{\"@id\":\"https:\/\/www.vccs.be\/fr\/#website\"},\"datePublished\":\"2021-03-19T12:44:28+00:00\",\"dateModified\":\"2023-10-02T13:56:05+00:00\",\"breadcrumb\":{\"@id\":\"https:\/\/www.vccs.be\/fr\/a-propos-de-vccs\/les-fonctions-les-mandats-et-les-groupes-de-travail\/#breadcrumb\"},\"inLanguage\":\"fr-FR\",\"potentialAction\":[{\"@type\":\"ReadAction\",\"target\":[\"https:\/\/www.vccs.be\/fr\/a-propos-de-vccs\/les-fonctions-les-mandats-et-les-groupes-de-travail\/\"]}]},{\"@type\":\"BreadcrumbList\",\"@id\":\"https:\/\/www.vccs.be\/fr\/a-propos-de-vccs\/les-fonctions-les-mandats-et-les-groupes-de-travail\/#breadcrumb\",\"itemListElement\":[{\"@type\":\"ListItem\",\"position\":1,\"name\":\"Home\",\"item\":\"https:\/\/www.vccs.be\/fr\/\"},{\"@type\":\"ListItem\",\"position\":2,\"name\":\"\u00c0 propos de VCCS\",\"item\":\"https:\/\/www.vccs.be\/fr\/a-propos-de-vccs\/\"},{\"@type\":\"ListItem\",\"position\":3,\"name\":\"Les fonctions, les mandats et les groupes de travail\"}]},{\"@type\":\"WebSite\",\"@id\":\"https:\/\/www.vccs.be\/fr\/#website\",\"url\":\"https:\/\/www.vccs.be\/fr\/\",\"name\":\"VCCS\",\"description\":\"Slogan\",\"potentialAction\":[{\"@type\":\"SearchAction\",\"target\":{\"@type\":\"EntryPoint\",\"urlTemplate\":\"https:\/\/www.vccs.be\/fr\/?s={search_term_string}\"},\"query-input\":{\"@type\":\"PropertyValueSpecification\",\"valueRequired\":true,\"valueName\":\"search_term_string\"}}],\"inLanguage\":\"fr-FR\"}]}<\/script>\n<!-- \/ Yoast SEO plugin. -->","yoast_head_json":{"title":"Les fonctions, les mandats et les groupes de travail - VCCS - Slogan","robots":{"index":"index","follow":"follow","max-snippet":"max-snippet:-1","max-image-preview":"max-image-preview:large","max-video-preview":"max-video-preview:-1"},"canonical":"https:\/\/www.vccs.be\/fr\/a-propos-de-vccs\/les-fonctions-les-mandats-et-les-groupes-de-travail\/","og_locale":"fr_FR","og_type":"article","og_title":"Les fonctions, les mandats et les groupes de travail - VCCS - Slogan","og_description":"Les fonctions: Pr\u00e9sident: Jean-Pierre Van Lier Vice-pr\u00e9sident: Eric Paquay Tr\u00e9sorier: Gauthier Callens Secr\u00e9taire: Joeri...","og_url":"https:\/\/www.vccs.be\/fr\/a-propos-de-vccs\/les-fonctions-les-mandats-et-les-groupes-de-travail\/","og_site_name":"VCCS","article_modified_time":"2023-10-02T13:56:05+00:00","twitter_card":"summary_large_image","twitter_misc":{"Dur\u00e9e de lecture estim\u00e9e":"1 minute"},"schema":{"@context":"https:\/\/schema.org","@graph":[{"@type":"WebPage","@id":"https:\/\/www.vccs.be\/fr\/a-propos-de-vccs\/les-fonctions-les-mandats-et-les-groupes-de-travail\/","url":"https:\/\/www.vccs.be\/fr\/a-propos-de-vccs\/les-fonctions-les-mandats-et-les-groupes-de-travail\/","name":"Les fonctions, les mandats et les groupes de travail - VCCS - Slogan","isPartOf":{"@id":"https:\/\/www.vccs.be\/fr\/#website"},"datePublished":"2021-03-19T12:44:28+00:00","dateModified":"2023-10-02T13:56:05+00:00","breadcrumb":{"@id":"https:\/\/www.vccs.be\/fr\/a-propos-de-vccs\/les-fonctions-les-mandats-et-les-groupes-de-travail\/#breadcrumb"},"inLanguage":"fr-FR","potentialAction":[{"@type":"ReadAction","target":["https:\/\/www.vccs.be\/fr\/a-propos-de-vccs\/les-fonctions-les-mandats-et-les-groupes-de-travail\/"]}]},{"@type":"BreadcrumbList","@id":"https:\/\/www.vccs.be\/fr\/a-propos-de-vccs\/les-fonctions-les-mandats-et-les-groupes-de-travail\/#breadcrumb","itemListElement":[{"@type":"ListItem","position":1,"name":"Home","item":"https:\/\/www.vccs.be\/fr\/"},{"@type":"ListItem","position":2,"name":"\u00c0 propos de VCCS","item":"https:\/\/www.vccs.be\/fr\/a-propos-de-vccs\/"},{"@type":"ListItem","position":3,"name":"Les fonctions, les mandats et les groupes de travail"}]},{"@type":"WebSite","@id":"https:\/\/www.vccs.be\/fr\/#website","url":"https:\/\/www.vccs.be\/fr\/","name":"VCCS","description":"Slogan","potentialAction":[{"@type":"SearchAction","target":{"@type":"EntryPoint","urlTemplate":"https:\/\/www.vccs.be\/fr\/?s={search_term_string}"},"query-input":{"@type":"PropertyValueSpecification","valueRequired":true,"valueName":"search_term_string"}}],"inLanguage":"fr-FR"}]}},"_links":{"self":[{"href":"https:\/\/www.vccs.be\/fr\/wp-json\/wp\/v2\/pages\/856","targetHints":{"allow":["GET"]}}],"collection":[{"href":"https:\/\/www.vccs.be\/fr\/wp-json\/wp\/v2\/pages"}],"about":[{"href":"https:\/\/www.vccs.be\/fr\/wp-json\/wp\/v2\/types\/page"}],"author":[{"embeddable":true,"href":"https:\/\/www.vccs.be\/fr\/wp-json\/wp\/v2\/users\/1"}],"replies":[{"embeddable":true,"href":"https:\/\/www.vccs.be\/fr\/wp-json\/wp\/v2\/comments?post=856"}],"version-history":[{"count":2,"href":"https:\/\/www.vccs.be\/fr\/wp-json\/wp\/v2\/pages\/856\/revisions"}],"predecessor-version":[{"id":4727,"href":"https:\/\/www.vccs.be\/fr\/wp-json\/wp\/v2\/pages\/856\/revisions\/4727"}],"up":[{"embeddable":true,"href":"https:\/\/www.vccs.be\/fr\/wp-json\/wp\/v2\/pages\/426"}],"wp:attachment":[{"href":"https:\/\/www.vccs.be\/fr\/wp-json\/wp\/v2\/media?parent=856"}],"curies":[{"name":"wp","href":"https:\/\/api.w.org\/{rel}","templated":true}]}}