{"id":861,"date":"2021-03-19T14:46:52","date_gmt":"2021-03-19T12:46:52","guid":{"rendered":"https:\/\/vccs.be\/?page_id=861"},"modified":"2026-02-08T12:52:02","modified_gmt":"2026-02-08T10:52:02","slug":"assurance","status":"publish","type":"page","link":"https:\/\/www.vccs.be\/fr\/assurance\/","title":{"rendered":"Assurance"},"content":{"rendered":"<p>VC-CS a contract\u00e9 pour ses membres une police d\u2019assurance collective, tout d\u2019abord pour la responsabilit\u00e9 civile exploitation des coordinateurs de s\u00e9curit\u00e9 et de sant\u00e9.<br \/>\nAfin de pouvoir soutenir davantage les membres, une police collective assistance juridique a \u00e9galement \u00e9t\u00e9 contract\u00e9e.<\/p>\n<p>Vu que bon nombre de nos membres ont d\u00e9cid\u00e9 d\u2019int\u00e9grer dans leurs t\u00e2ches les questions li\u00e9es \u00e0 l\u2019\u00e9nergie, tant pour les nouveaux b\u00e2timents que pour les b\u00e2timents existants, une extension \u00e0 ces polices d\u2019assurance collectives a \u00e9t\u00e9 n\u00e9goci\u00e9e.<\/p>\n<p>Chaque membre est bien entendu libre de souscrire ou non cette police d\u2019assurance. La souscription de la police se d\u00e9roule directement par le biais du courtier en assurances. Afin de b\u00e9n\u00e9ficier de la couverture de la police collective, l\u2019affiliation \u00e0 VC-CS est toutefois obligatoire.<\/p>\n<p><a href=\"https:\/\/www.vccs.be\/fr\/assurance\/souscrire\/\">SOUSCRIPTION ASSURANCE RC<\/a><\/p>\n<p>Avez-vous des questions sp\u00e9cifiques \u00e0 propos de votre assurance ou souhaitez-vous, par exemple, faire modifier les montants couverts\u00a0? Dans ce cas, n\u2019h\u00e9sitez \u00e0 contacter MARSH.<\/p>\n<p><u>Personne de contact pour la gestion des dossiers<\/u>: <strong>Stephane Herbauts\u00a0 &#8211; <\/strong><a href=\"mailto:stephane.herbauts@marsh.com\">stephane.herbauts@marsh.com<\/a><\/p>\n<p><u>Personne de contact\u00a0pour la gestion des sinistres<\/u>:\u00a0<strong>Aubert Leloup &#8211;<\/strong> \u009a\u00a0<a href=\"mailto:aubert.leloup@marsh.com\">aubert.leloup@marsh.com<\/a><\/p>\n<p><a href=\"http:\/\/www.vccs.be\/wp-content\/uploads\/2025\/04\/Organigram.pdf\">Organigramme MARSH.<\/a><\/p>\n<p>Conjointement \u00e0 l\u2019assurance collective couvrant la responsabilit\u00e9 civile professionnelle des Coordinateurs de s\u00e9curit\u00e9, MARSH peut \u00e9galement vous conseiller pour une assurance<strong> revenu garanti.<\/strong><\/p>\n<p><a href=\"http:\/\/www.vccs.be\/wp-content\/uploads\/2025\/04\/Note-Ethias-FR-2024-BDE.pdf\">CONDITIONS<\/a> et <a href=\"http:\/\/www.vccs.be\/wp-content\/uploads\/2025\/04\/ETHIAS-PROPOSITION-RG-FR.pdf\">SOUSCRIPTION<\/a> assurance revenu garanti Marsh<\/p>\n<div id=\"ConnectiveDocSignExtentionInstalled\" data-extension-version=\"1.0.4\"><\/div>\n","protected":false},"excerpt":{"rendered":"<p>VC-CS a contract\u00e9 pour ses membres une police d\u2019assurance collective, tout d\u2019abord pour la&#8230;<\/p>\n","protected":false},"author":1,"featured_media":0,"parent":0,"menu_order":0,"comment_status":"closed","ping_status":"closed","template":"","meta":{"_acf_changed":false,"inline_featured_image":false,"footnotes":""},"class_list":["post-861","page","type-page","status-publish","hentry"],"acf":[],"yoast_head":"<!-- This site is optimized with the Yoast SEO plugin v27.0 - https:\/\/yoast.com\/product\/yoast-seo-wordpress\/ -->\n<title>Assurance - VCCS - Slogan<\/title>\n<meta name=\"robots\" content=\"index, follow, max-snippet:-1, max-image-preview:large, max-video-preview:-1\" \/>\n<link rel=\"canonical\" href=\"https:\/\/www.vccs.be\/fr\/assurance\/\" \/>\n<meta property=\"og:locale\" content=\"fr_FR\" \/>\n<meta property=\"og:type\" content=\"article\" \/>\n<meta property=\"og:title\" content=\"Assurance - VCCS - Slogan\" \/>\n<meta property=\"og:description\" content=\"VC-CS a contract\u00e9 pour ses membres une police d\u2019assurance collective, tout d\u2019abord pour la...\" \/>\n<meta property=\"og:url\" content=\"https:\/\/www.vccs.be\/fr\/assurance\/\" \/>\n<meta property=\"og:site_name\" content=\"VCCS\" \/>\n<meta property=\"article:modified_time\" content=\"2026-02-08T10:52:02+00:00\" \/>\n<meta name=\"twitter:card\" content=\"summary_large_image\" \/>\n<meta name=\"twitter:label1\" content=\"Dur\u00e9e de lecture estim\u00e9e\" \/>\n\t<meta name=\"twitter:data1\" content=\"2 minutes\" \/>\n<script type=\"application\/ld+json\" class=\"yoast-schema-graph\">{\"@context\":\"https:\/\/schema.org\",\"@graph\":[{\"@type\":\"WebPage\",\"@id\":\"https:\/\/www.vccs.be\/fr\/assurance\/\",\"url\":\"https:\/\/www.vccs.be\/fr\/assurance\/\",\"name\":\"Assurance - VCCS - Slogan\",\"isPartOf\":{\"@id\":\"https:\/\/www.vccs.be\/fr\/#website\"},\"datePublished\":\"2021-03-19T12:46:52+00:00\",\"dateModified\":\"2026-02-08T10:52:02+00:00\",\"breadcrumb\":{\"@id\":\"https:\/\/www.vccs.be\/fr\/assurance\/#breadcrumb\"},\"inLanguage\":\"fr-FR\",\"potentialAction\":[{\"@type\":\"ReadAction\",\"target\":[\"https:\/\/www.vccs.be\/fr\/assurance\/\"]}]},{\"@type\":\"BreadcrumbList\",\"@id\":\"https:\/\/www.vccs.be\/fr\/assurance\/#breadcrumb\",\"itemListElement\":[{\"@type\":\"ListItem\",\"position\":1,\"name\":\"Home\",\"item\":\"https:\/\/www.vccs.be\/fr\/\"},{\"@type\":\"ListItem\",\"position\":2,\"name\":\"Assurance\"}]},{\"@type\":\"WebSite\",\"@id\":\"https:\/\/www.vccs.be\/fr\/#website\",\"url\":\"https:\/\/www.vccs.be\/fr\/\",\"name\":\"VCCS\",\"description\":\"Slogan\",\"potentialAction\":[{\"@type\":\"SearchAction\",\"target\":{\"@type\":\"EntryPoint\",\"urlTemplate\":\"https:\/\/www.vccs.be\/fr\/?s={search_term_string}\"},\"query-input\":{\"@type\":\"PropertyValueSpecification\",\"valueRequired\":true,\"valueName\":\"search_term_string\"}}],\"inLanguage\":\"fr-FR\"}]}<\/script>\n<!-- \/ Yoast SEO plugin. -->","yoast_head_json":{"title":"Assurance - VCCS - Slogan","robots":{"index":"index","follow":"follow","max-snippet":"max-snippet:-1","max-image-preview":"max-image-preview:large","max-video-preview":"max-video-preview:-1"},"canonical":"https:\/\/www.vccs.be\/fr\/assurance\/","og_locale":"fr_FR","og_type":"article","og_title":"Assurance - VCCS - Slogan","og_description":"VC-CS a contract\u00e9 pour ses membres une police d\u2019assurance collective, tout d\u2019abord pour la...","og_url":"https:\/\/www.vccs.be\/fr\/assurance\/","og_site_name":"VCCS","article_modified_time":"2026-02-08T10:52:02+00:00","twitter_card":"summary_large_image","twitter_misc":{"Dur\u00e9e de lecture estim\u00e9e":"2 minutes"},"schema":{"@context":"https:\/\/schema.org","@graph":[{"@type":"WebPage","@id":"https:\/\/www.vccs.be\/fr\/assurance\/","url":"https:\/\/www.vccs.be\/fr\/assurance\/","name":"Assurance - VCCS - Slogan","isPartOf":{"@id":"https:\/\/www.vccs.be\/fr\/#website"},"datePublished":"2021-03-19T12:46:52+00:00","dateModified":"2026-02-08T10:52:02+00:00","breadcrumb":{"@id":"https:\/\/www.vccs.be\/fr\/assurance\/#breadcrumb"},"inLanguage":"fr-FR","potentialAction":[{"@type":"ReadAction","target":["https:\/\/www.vccs.be\/fr\/assurance\/"]}]},{"@type":"BreadcrumbList","@id":"https:\/\/www.vccs.be\/fr\/assurance\/#breadcrumb","itemListElement":[{"@type":"ListItem","position":1,"name":"Home","item":"https:\/\/www.vccs.be\/fr\/"},{"@type":"ListItem","position":2,"name":"Assurance"}]},{"@type":"WebSite","@id":"https:\/\/www.vccs.be\/fr\/#website","url":"https:\/\/www.vccs.be\/fr\/","name":"VCCS","description":"Slogan","potentialAction":[{"@type":"SearchAction","target":{"@type":"EntryPoint","urlTemplate":"https:\/\/www.vccs.be\/fr\/?s={search_term_string}"},"query-input":{"@type":"PropertyValueSpecification","valueRequired":true,"valueName":"search_term_string"}}],"inLanguage":"fr-FR"}]}},"_links":{"self":[{"href":"https:\/\/www.vccs.be\/fr\/wp-json\/wp\/v2\/pages\/861","targetHints":{"allow":["GET"]}}],"collection":[{"href":"https:\/\/www.vccs.be\/fr\/wp-json\/wp\/v2\/pages"}],"about":[{"href":"https:\/\/www.vccs.be\/fr\/wp-json\/wp\/v2\/types\/page"}],"author":[{"embeddable":true,"href":"https:\/\/www.vccs.be\/fr\/wp-json\/wp\/v2\/users\/1"}],"replies":[{"embeddable":true,"href":"https:\/\/www.vccs.be\/fr\/wp-json\/wp\/v2\/comments?post=861"}],"version-history":[{"count":6,"href":"https:\/\/www.vccs.be\/fr\/wp-json\/wp\/v2\/pages\/861\/revisions"}],"predecessor-version":[{"id":4828,"href":"https:\/\/www.vccs.be\/fr\/wp-json\/wp\/v2\/pages\/861\/revisions\/4828"}],"wp:attachment":[{"href":"https:\/\/www.vccs.be\/fr\/wp-json\/wp\/v2\/media?parent=861"}],"curies":[{"name":"wp","href":"https:\/\/api.w.org\/{rel}","templated":true}]}}