{"id":849,"date":"2021-03-19T14:41:17","date_gmt":"2021-03-19T12:41:17","guid":{"rendered":"https:\/\/vccs.be\/?page_id=849"},"modified":"2021-03-19T14:41:25","modified_gmt":"2021-03-19T12:41:25","slug":"voordelen-als-lid","status":"publish","type":"page","link":"https:\/\/www.vccs.be\/nl\/over-vccs\/voordelen-als-lid\/","title":{"rendered":"Voordelen als lid"},"content":{"rendered":"<p>Lid worden van VC-CS biedt je als co\u00f6rdinator een pak voordelen. We zetten hier de belangrijkste even op een rij:<\/p>\n<p>U wordt op de hoogte gehouden van de recente ontwikkelingen inzake wetgeving en concrete invulling van de taken verbonden aan het beroep van co\u00f6rdinator veiligheid en gezondheid. VC-CS garandeert u actuele informatie door haar veelvuldige contacten met de betrokken overheden en andere intervenanten van de bouwsector.<\/p>\n<p>VC-CS zal op nuttige wijze en een zo breed mogelijke schaal een lijst verspreiden van de leden (mits hun akkoord). VC-CS steunt hiervoor op de verklaring van de leden (conformiteit met de vereisten voor co\u00f6rdinatorschap) en een interne Code van Goede Praktijk.<\/p>\n<p>Uw mogelijke actieve inbreng in de vereniging geeft u toegang tot \u00e9\u00e9n of meerdere werkgroepen en kan de verdere evolutie van uw beroep ori\u00ebnteren.<\/p>\n<p>VC-CS voert actief onderzoek naar collectieve oplossingen inzake verzekering, beroepsaansprakelijkheid van co\u00f6rdinatoren; verwoording van de verantwoordelijkheden naar lastenboeken toe, \u2026<\/p>\n<p>VC-CS ijvert voordeeltarieven te bekomen bij diverse organisaties, manifestaties en bij bepaalde uitgevers.<\/p>\n<p>Uw toetreding tot VC-CS zal ongetwijfeld bijdragen tot de ontplooiing van uw activiteiten als veiligheidsco\u00f6rdinator. Het bedrag van het lidmaatschap is het investeren meer dan waard. En elke stem die zich achter ons schaart draagt bij tot de reikwijdte van onze vereniging.<\/p>\n<p>Lid kan je worden door formulier voor aanvraag van inschrijving in te vullen en ons dit door te sturen. Na beraad word je op de hoogte gebracht van je aanvaarding. Pas nadien vragen wij je het lidmaatschapsgeld te storten.<\/p>\n","protected":false},"excerpt":{"rendered":"<p>Lid worden van VC-CS biedt je als co\u00f6rdinator een pak voordelen. We zetten hier&#8230;<\/p>\n","protected":false},"author":1,"featured_media":0,"parent":157,"menu_order":0,"comment_status":"closed","ping_status":"closed","template":"","meta":{"_acf_changed":false,"inline_featured_image":false,"footnotes":""},"class_list":["post-849","page","type-page","status-publish","hentry"],"acf":[],"yoast_head":"<!-- This site is optimized with the Yoast SEO plugin v27.0 - https:\/\/yoast.com\/product\/yoast-seo-wordpress\/ -->\n<title>Voordelen als lid - VCCS - Slogan<\/title>\n<meta name=\"robots\" content=\"index, follow, max-snippet:-1, max-image-preview:large, max-video-preview:-1\" \/>\n<link rel=\"canonical\" href=\"https:\/\/www.vccs.be\/nl\/over-vccs\/voordelen-als-lid\/\" \/>\n<meta property=\"og:locale\" content=\"nl_NL\" \/>\n<meta property=\"og:type\" content=\"article\" \/>\n<meta property=\"og:title\" content=\"Voordelen als lid - VCCS - Slogan\" \/>\n<meta property=\"og:description\" content=\"Lid worden van VC-CS biedt je als co\u00f6rdinator een pak voordelen. We zetten hier...\" \/>\n<meta property=\"og:url\" content=\"https:\/\/www.vccs.be\/nl\/over-vccs\/voordelen-als-lid\/\" \/>\n<meta property=\"og:site_name\" content=\"VCCS\" \/>\n<meta property=\"article:modified_time\" content=\"2021-03-19T12:41:25+00:00\" \/>\n<meta name=\"twitter:card\" content=\"summary_large_image\" \/>\n<meta name=\"twitter:label1\" content=\"Geschatte leestijd\" \/>\n\t<meta name=\"twitter:data1\" content=\"2 minuten\" \/>\n<script type=\"application\/ld+json\" class=\"yoast-schema-graph\">{\"@context\":\"https:\/\/schema.org\",\"@graph\":[{\"@type\":\"WebPage\",\"@id\":\"https:\/\/www.vccs.be\/nl\/over-vccs\/voordelen-als-lid\/\",\"url\":\"https:\/\/www.vccs.be\/nl\/over-vccs\/voordelen-als-lid\/\",\"name\":\"Voordelen als lid - VCCS - Slogan\",\"isPartOf\":{\"@id\":\"https:\/\/www.vccs.be\/nl\/#website\"},\"datePublished\":\"2021-03-19T12:41:17+00:00\",\"dateModified\":\"2021-03-19T12:41:25+00:00\",\"breadcrumb\":{\"@id\":\"https:\/\/www.vccs.be\/nl\/over-vccs\/voordelen-als-lid\/#breadcrumb\"},\"inLanguage\":\"nl-NL\",\"potentialAction\":[{\"@type\":\"ReadAction\",\"target\":[\"https:\/\/www.vccs.be\/nl\/over-vccs\/voordelen-als-lid\/\"]}]},{\"@type\":\"BreadcrumbList\",\"@id\":\"https:\/\/www.vccs.be\/nl\/over-vccs\/voordelen-als-lid\/#breadcrumb\",\"itemListElement\":[{\"@type\":\"ListItem\",\"position\":1,\"name\":\"Home\",\"item\":\"https:\/\/www.vccs.be\/nl\/\"},{\"@type\":\"ListItem\",\"position\":2,\"name\":\"Over VCCS\",\"item\":\"https:\/\/www.vccs.be\/nl\/over-vccs\/\"},{\"@type\":\"ListItem\",\"position\":3,\"name\":\"Voordelen als lid\"}]},{\"@type\":\"WebSite\",\"@id\":\"https:\/\/www.vccs.be\/nl\/#website\",\"url\":\"https:\/\/www.vccs.be\/nl\/\",\"name\":\"VCCS\",\"description\":\"Slogan\",\"potentialAction\":[{\"@type\":\"SearchAction\",\"target\":{\"@type\":\"EntryPoint\",\"urlTemplate\":\"https:\/\/www.vccs.be\/nl\/?s={search_term_string}\"},\"query-input\":{\"@type\":\"PropertyValueSpecification\",\"valueRequired\":true,\"valueName\":\"search_term_string\"}}],\"inLanguage\":\"nl-NL\"}]}<\/script>\n<!-- \/ Yoast SEO plugin. -->","yoast_head_json":{"title":"Voordelen als lid - VCCS - Slogan","robots":{"index":"index","follow":"follow","max-snippet":"max-snippet:-1","max-image-preview":"max-image-preview:large","max-video-preview":"max-video-preview:-1"},"canonical":"https:\/\/www.vccs.be\/nl\/over-vccs\/voordelen-als-lid\/","og_locale":"nl_NL","og_type":"article","og_title":"Voordelen als lid - VCCS - Slogan","og_description":"Lid worden van VC-CS biedt je als co\u00f6rdinator een pak voordelen. We zetten hier...","og_url":"https:\/\/www.vccs.be\/nl\/over-vccs\/voordelen-als-lid\/","og_site_name":"VCCS","article_modified_time":"2021-03-19T12:41:25+00:00","twitter_card":"summary_large_image","twitter_misc":{"Geschatte leestijd":"2 minuten"},"schema":{"@context":"https:\/\/schema.org","@graph":[{"@type":"WebPage","@id":"https:\/\/www.vccs.be\/nl\/over-vccs\/voordelen-als-lid\/","url":"https:\/\/www.vccs.be\/nl\/over-vccs\/voordelen-als-lid\/","name":"Voordelen als lid - VCCS - Slogan","isPartOf":{"@id":"https:\/\/www.vccs.be\/nl\/#website"},"datePublished":"2021-03-19T12:41:17+00:00","dateModified":"2021-03-19T12:41:25+00:00","breadcrumb":{"@id":"https:\/\/www.vccs.be\/nl\/over-vccs\/voordelen-als-lid\/#breadcrumb"},"inLanguage":"nl-NL","potentialAction":[{"@type":"ReadAction","target":["https:\/\/www.vccs.be\/nl\/over-vccs\/voordelen-als-lid\/"]}]},{"@type":"BreadcrumbList","@id":"https:\/\/www.vccs.be\/nl\/over-vccs\/voordelen-als-lid\/#breadcrumb","itemListElement":[{"@type":"ListItem","position":1,"name":"Home","item":"https:\/\/www.vccs.be\/nl\/"},{"@type":"ListItem","position":2,"name":"Over VCCS","item":"https:\/\/www.vccs.be\/nl\/over-vccs\/"},{"@type":"ListItem","position":3,"name":"Voordelen als lid"}]},{"@type":"WebSite","@id":"https:\/\/www.vccs.be\/nl\/#website","url":"https:\/\/www.vccs.be\/nl\/","name":"VCCS","description":"Slogan","potentialAction":[{"@type":"SearchAction","target":{"@type":"EntryPoint","urlTemplate":"https:\/\/www.vccs.be\/nl\/?s={search_term_string}"},"query-input":{"@type":"PropertyValueSpecification","valueRequired":true,"valueName":"search_term_string"}}],"inLanguage":"nl-NL"}]}},"_links":{"self":[{"href":"https:\/\/www.vccs.be\/nl\/wp-json\/wp\/v2\/pages\/849","targetHints":{"allow":["GET"]}}],"collection":[{"href":"https:\/\/www.vccs.be\/nl\/wp-json\/wp\/v2\/pages"}],"about":[{"href":"https:\/\/www.vccs.be\/nl\/wp-json\/wp\/v2\/types\/page"}],"author":[{"embeddable":true,"href":"https:\/\/www.vccs.be\/nl\/wp-json\/wp\/v2\/users\/1"}],"replies":[{"embeddable":true,"href":"https:\/\/www.vccs.be\/nl\/wp-json\/wp\/v2\/comments?post=849"}],"version-history":[{"count":0,"href":"https:\/\/www.vccs.be\/nl\/wp-json\/wp\/v2\/pages\/849\/revisions"}],"up":[{"embeddable":true,"href":"https:\/\/www.vccs.be\/nl\/wp-json\/wp\/v2\/pages\/157"}],"wp:attachment":[{"href":"https:\/\/www.vccs.be\/nl\/wp-json\/wp\/v2\/media?parent=849"}],"curies":[{"name":"wp","href":"https:\/\/api.w.org\/{rel}","templated":true}]}}